{"id":2395,"date":"2025-07-31T21:41:47","date_gmt":"2025-07-31T21:41:47","guid":{"rendered":"https:\/\/moisesfregosomusica.com\/?page_id=2395"},"modified":"2025-11-02T00:35:43","modified_gmt":"2025-11-02T00:35:43","slug":"pagina-principal-2-2","status":"publish","type":"page","link":"https:\/\/moisesfregosomusica.com\/index.php\/pagina-principal-2-2\/","title":{"rendered":"BLOG"},"content":{"rendered":"<p>[et_pb_section fb_built=\u00bb1&#8243; _builder_version=\u00bb4.27.4&#8243; _module_preset=\u00bbdefault\u00bb use_background_color_gradient=\u00bbon\u00bb background_color_gradient_stops=\u00bbrgba(0,0,0,0.8) 0%|rgba(0,0,0,0.8) 100%\u00bb background_color_gradient_overlays_image=\u00bbon\u00bb background_image=\u00bbhttps:\/\/moisesfregosomusica.com\/wp-content\/uploads\/2025\/04\/20250415_192838-scaled.jpg\u00bb custom_padding=\u00bb21px||0px|||\u00bb locked=\u00bboff\u00bb global_colors_info=\u00bb{}\u00bb][et_pb_row _builder_version=\u00bb4.27.4&#8243; _module_preset=\u00bbdefault\u00bb min_height=\u00bb64.2px\u00bb custom_padding=\u00bb40px||16px|||\u00bb global_colors_info=\u00bb{}\u00bb][et_pb_column type=\u00bb4_4&#8243; _builder_version=\u00bb4.27.4&#8243; _module_preset=\u00bbdefault\u00bb global_colors_info=\u00bb{}\u00bb][et_pb_text _builder_version=\u00bb4.27.4&#8243; _module_preset=\u00bbdefault\u00bb text_font=\u00bbLora||||||||\u00bb header_3_font=\u00bbRoboto Flex|700||||on|||\u00bb header_3_text_align=\u00bbcenter\u00bb header_3_text_color=\u00bb#FFFFFF\u00bb header_3_font_size=\u00bb50px\u00bb header_3_letter_spacing=\u00bb2px\u00bb header_3_line_height=\u00bb1.25em\u00bb header_5_font=\u00bbLora|600|||||||\u00bb header_5_text_align=\u00bbcenter\u00bb header_5_text_color=\u00bb#FFFFFF\u00bb header_5_font_size=\u00bb22px\u00bb header_5_letter_spacing=\u00bb0.5px\u00bb header_5_line_height=\u00bb0.8em\u00bb width=\u00bb100%\u00bb width_tablet=\u00bb100%\u00bb width_phone=\u00bb100%\u00bb width_last_edited=\u00bbon|phone\u00bb module_alignment=\u00bbcenter\u00bb min_height=\u00bb37.5px\u00bb custom_margin=\u00bb-2px||-1px||false|false\u00bb custom_padding=\u00bb||34px|||\u00bb hover_enabled=\u00bb0&#8243; header_3_font_size_tablet=\u00bb42px\u00bb header_3_font_size_phone=\u00bb24px\u00bb header_3_font_size_last_edited=\u00bbon|phone\u00bb header_5_font_size_tablet=\u00bb19px\u00bb header_5_font_size_phone=\u00bb14px\u00bb header_5_font_size_last_edited=\u00bbon|phone\u00bb global_colors_info=\u00bb{}\u00bb sticky_enabled=\u00bb0&#8243;]<\/p>\n<h3>Blog<\/h3>\n<h5><\/h5>\n<p>[\/et_pb_text][\/et_pb_column][\/et_pb_row][\/et_pb_section][et_pb_section fb_built=\u00bb1&#8243; _builder_version=\u00bb4.27.4&#8243; _module_preset=\u00bbdefault\u00bb background_color=\u00bb#FFFFFF\u00bb custom_margin=\u00bb58px|||||\u00bb custom_padding=\u00bb0px||0px|||\u00bb global_colors_info=\u00bb{}\u00bb][et_pb_row column_structure=\u00bb1_3,1_3,1_3&#8243; _builder_version=\u00bb4.27.4&#8243; _dynamic_attributes=\u00bblink_option_url\u00bb _module_preset=\u00bbdefault\u00bb custom_margin=\u00bb-54px|auto||auto||\u00bb custom_padding=\u00bb||0px|||\u00bb link_option_url=\u00bb@ET-DC@eyJkeW5hbWljIjp0cnVlLCJjb250ZW50IjoicG9zdF9saW5rX3VybF9wb3N0Iiwic2V0dGluZ3MiOnsicG9zdF9pZCI6IjI0MDIifX0=@\u00bb global_colors_info=\u00bb{}\u00bb][et_pb_column type=\u00bb1_3&#8243; _builder_version=\u00bb4.27.4&#8243; _module_preset=\u00bbdefault\u00bb global_colors_info=\u00bb{}\u00bb][et_pb_blog show_more=\u00bbon\u00bb show_categories=\u00bboff\u00bb show_excerpt=\u00bboff\u00bb _builder_version=\u00bb4.27.4&#8243; _module_preset=\u00bbdefault\u00bb global_colors_info=\u00bb{}\u00bb][\/et_pb_blog][\/et_pb_column][et_pb_column type=\u00bb1_3&#8243; _builder_version=\u00bb4.27.4&#8243; _module_preset=\u00bbdefault\u00bb global_colors_info=\u00bb{}\u00bb][\/et_pb_column][et_pb_column type=\u00bb1_3&#8243; _builder_version=\u00bb4.27.4&#8243; _module_preset=\u00bbdefault\u00bb global_colors_info=\u00bb{}\u00bb][\/et_pb_column][\/et_pb_row][\/et_pb_section]<\/p>\n","protected":false},"excerpt":{"rendered":"<p>Blog<\/p>\n","protected":false},"author":1,"featured_media":0,"parent":0,"menu_order":0,"comment_status":"closed","ping_status":"closed","template":"","meta":{"_et_pb_use_builder":"on","_et_pb_old_content":"[et_pb_section fb_built=\"1\" _builder_version=\"4.27.4\" _module_preset=\"default\" use_background_color_gradient=\"on\" background_color_gradient_stops=\"rgba(0,0,0,0.8) 0%|rgba(0,0,0,0.8) 100%\" background_color_gradient_overlays_image=\"on\" background_image=\"https:\/\/moisesfregosomusica.com\/wp-content\/uploads\/2025\/04\/20250415_192838-scaled.jpg\" custom_padding=\"21px||0px|||\" hover_enabled=\"0\" global_colors_info=\"{}\" sticky_enabled=\"0\" locked=\"off\"][et_pb_row _builder_version=\"4.27.4\" _module_preset=\"default\" min_height=\"64.2px\" custom_padding=\"40px||16px|||\" global_colors_info=\"{}\"][et_pb_column type=\"4_4\" _builder_version=\"4.27.4\" _module_preset=\"default\" global_colors_info=\"{}\"][et_pb_text _builder_version=\"4.27.4\" _module_preset=\"default\" text_font=\"Lora||||||||\" header_3_font=\"Cormorant Garamond|700|||||||\" header_3_text_align=\"center\" header_3_text_color=\"#FFFFFF\" header_3_font_size=\"50px\" header_3_letter_spacing=\"1px\" header_3_line_height=\"1.25em\" header_5_font=\"Lora|600|||||||\" header_5_text_align=\"center\" header_5_text_color=\"#FFFFFF\" header_5_font_size=\"22px\" header_5_letter_spacing=\"0.5px\" header_5_line_height=\"0.8em\" width=\"100%\" width_tablet=\"100%\" width_phone=\"100%\" width_last_edited=\"on|phone\" module_alignment=\"center\" min_height=\"37.5px\" custom_margin=\"-2px||-1px||false|false\" custom_padding=\"||34px|||\" hover_enabled=\"0\" header_3_font_size_tablet=\"42px\" header_3_font_size_phone=\"24px\" header_3_font_size_last_edited=\"on|phone\" header_5_font_size_tablet=\"19px\" header_5_font_size_phone=\"14px\" header_5_font_size_last_edited=\"on|phone\" global_colors_info=\"{}\" sticky_enabled=\"0\"]<h3>CLASES DE PIANO<\/h3>\n<h5><\/h5>[\/et_pb_text][\/et_pb_column][\/et_pb_row][\/et_pb_section][et_pb_section fb_built=\"1\" _builder_version=\"4.27.4\" _module_preset=\"default\" background_color=\"#FFFFFF\" custom_margin=\"58px|||||\" custom_padding=\"0px||0px|||\" global_colors_info=\"{}\"][et_pb_row _builder_version=\"4.27.4\" _module_preset=\"default\" custom_margin=\"-54px|auto||auto||\" custom_padding=\"||0px|||\" global_colors_info=\"{}\"][et_pb_column type=\"4_4\" _builder_version=\"4.27.4\" _module_preset=\"default\" global_colors_info=\"{}\"][et_pb_text _builder_version=\"4.27.4\" _module_preset=\"default\" text_font=\"Open Sans||||||||\" text_text_color=\"#000000\" text_font_size=\"17px\" header_font=\"Montserrat|600|||||||\" header_text_align=\"center\" header_text_color=\"#000000\" text_orientation=\"justified\" custom_margin=\"-4px||4px|||\" custom_padding=\"0px||0px|||\" text_font_size_tablet=\"17px\" text_font_size_phone=\"16px\" text_font_size_last_edited=\"on|phone\" header_font_size_tablet=\"\" header_font_size_phone=\"\" header_font_size_last_edited=\"on|phone\" global_colors_info=\"{}\"]<p>\u00a1Hola, soy Mois\u00e9s! Me dedico a ense\u00f1ar piano cl\u00e1sico, formando a mis alumnos desde sus primeros pasos hasta un dominio s\u00f3lido de este bello instrumento. Ya sea que deseen una formaci\u00f3n profesional o solamente el poder disfrutar de tocar sus piezas favoritas, mis clases siempre ser\u00e1n con un formato acad\u00e9mico basado en la m\u00fasica cl\u00e1sica.\u00a0\u00a0<\/p>\n<p><strong>REPERTORIO CL\u00c1SICO<\/strong><\/p>\n<p>Cubriremos repertorio de los distintos periodos de la m\u00fasica cl\u00e1sica: el periodo barroco, el cl\u00e1sico y el rom\u00e1ntico. Para cubrir estos periodos trabajaremos con piezas y obras de distintos compositores tales como: Bach, Mozart, Beethoven, Chopin, Scarlatti, Clementi, Schumann, entre otros muchos m\u00e1s.<\/p>\n<p><strong>CLASES PERSONALIZADAS<\/strong><\/p>\n<p>Las clases son completamente individuales, de profesor a alumno; eso me permite darle a cada alumno una ense\u00f1anza personalizada y adaptada a su propio ritmo, basada en sus necesidades y objetivos particulares.<\/p>\n<p><strong>OBJETIVOS DE LAS CLASES<\/strong><\/p>\n<ul>\n<li>Que desarrollen una t\u00e9cnica pian\u00edstica solida para la correcta ejecuci\u00f3n de la m\u00fasica cl\u00e1sica (y de cualquier otro genero musical que lleguen a tocar).<\/li>\n<li>Que obtengan la habilidad de leer partituras con fluidez. Desde el primer d\u00eda de clases comenzar\u00e1n a aprender a leer partitura.<\/li>\n<li>Que aprendan a tocar e interpretar de una manera formal y acad\u00e9mica la m\u00fasica cl\u00e1sica, de manera que puedan lograr una expresividad musical que les permita ser competentes en cualquier contexto donde lo decidan aplicar.<\/li>\n<\/ul>\n<p><strong>FORMACI\u00d3N CL\u00c1SICA<\/strong><\/p>\n<p>La formaci\u00f3n base y principal de mis alumnos es a trav\u00e9s de la m\u00fasica cl\u00e1sica. \u00bfPor qu\u00e9 raz\u00f3n? Porque solo la m\u00fasica cl\u00e1sica brinda al alumno un \u00edntegro y solido desarrollo de conocimiento, t\u00e9cnica y destreza musical. Esto debido a que solamente la m\u00fasica cl\u00e1sica cuenta con la mayor riqueza en los distintos elementos de la m\u00fasica como son el ritmo, la melod\u00eda y la armon\u00eda. Por ello, cualquier persona que haya adquirido cierto grado de conocimiento y ejecuci\u00f3n de la m\u00fasica cl\u00e1sica podr\u00e1 abordar cualquier otro g\u00e9nero y estilo musical sin dificultad alguna.<\/p>\n<p><strong>HIMNOS CRISTIANOS<\/strong><\/p>\n<p>Tambi\u00e9n ense\u00f1o a mis alumnos a tocar himnos, con el prop\u00f3sito de que cuenten con una herramienta musical que puedan utilizar para servir en su iglesia, en sus devocionales familiares o personales, o simplemente por el gusto de tocar himnos. A lo largo de su formaci\u00f3n el alumno ir\u00e1 construyendo un repertorio cl\u00e1sico y un repertorio en himnos, as\u00ed adquirir\u00e1 las herramientas musicales necesarias para estar capacitado y preparado para cualquiera que sea la providencia del Se\u00f1or para el uso de esas herramientas.<\/p>\n<p><strong>\u00bfC\u00d3MO SE IMPARTEN LAS CLASES?<\/strong><\/p>\n<p>Las clases se imparten en l\u00ednea v\u00eda Zoom. Cada clase tiene una duraci\u00f3n de 1 hora y se toma una vez por semana. Adem\u00e1s de esta hora de clase, el alumno necesitar\u00e1 apartar cierto tiempo diario en el cual pueda practicar la tarea que se le dejar\u00e1 en clase.<\/p>\n<p><strong>ACOMPA\u00d1AMIENTO DEL PROFESOR<\/strong>\u00a0<\/p>\n<p>Un buen profesor no solo debe impartir la clase, sino tambi\u00e9n debe de acompa\u00f1ar a sus alumnos en su crecimiento musical dentro y fuera de clases. Por ello, mis alumnos pueden estar en comunicaci\u00f3n conmigo aun fuera de clase: mis alumnos pueden escribirme en cualquier momento para resolver alguna duda que les haya surgido al hacer sus tareas.\u00a0<\/p>\n<p><strong>\u00bfQUI\u00c9N PUEDE COMENZAR A TOMAR CLASES?<\/strong><\/p>\n<p>Toda persona que tenga un piano ac\u00fastico o un piano digital (tambi\u00e9n llamado teclado) puede comenzar a tomar las clases. En cuanto a la edad no hay l\u00edmite de edad, solamente en el caso de los ni\u00f1os recomiendo que sea a partir de que el ni\u00f1o sea capaz de leer (palabras) al menos lo b\u00e1sico, lo ideal ser\u00eda comenzar a partir de los 6 a\u00f1os, pero he tenido alumnos a partir de los 4 a\u00f1os.<\/p>\n<p style=\"text-align: justify;\"><strong>\u00bfCU\u00c1L ES EL PRECIO DE LAS CLASES?<\/strong><\/p>\n<p style=\"text-align: justify;\">La clase tiene un costo de $300 MXN por 1 hora de clase.<\/p>\n<p style=\"text-align: justify;\"><strong>\u00bfDESEA CONOCER M\u00c1S DE LAS CLASES?<\/strong><\/p>\n<p style=\"text-align: justify;\">Si desea conocer m\u00e1s o resolver alguna duda, con gusto podemos tener una reuni\u00f3n v\u00eda Zoom sin ning\u00fan compromiso. Esto con el fin de podernos conocer, darles m\u00e1s detalles de las clases y resolver cualquier duda que les pueda ir surgiendo, y as\u00ed puedan determinar si yo soy el profesor que ustedes est\u00e1n buscando.<\/p>\n<p style=\"text-align: justify;\"><\/p>\n<p style=\"text-align: justify;\"><\/p>\n<p style=\"text-align: justify;\"><\/p>[\/et_pb_text][et_pb_button button_url=\"@ET-DC@eyJkeW5hbWljIjp0cnVlLCJjb250ZW50IjoicG9zdF9saW5rX3VybF9wYWdlIiwic2V0dGluZ3MiOnsicG9zdF9pZCI6IjIyMTEifX0=@\" button_text=\"CONTACTAR\" button_alignment=\"center\" _builder_version=\"4.27.4\" _dynamic_attributes=\"button_url\" _module_preset=\"default\" custom_button=\"on\" button_text_size=\"16px\" button_text_color=\"#FFFFFF\" button_bg_color=\"#b48b2f\" button_border_width=\"0px\" button_border_radius=\"5px\" button_letter_spacing=\"1px\" button_font=\"Open Sans|600|||||||\" button_icon=\"&#x39;||divi||400\" button_on_hover=\"off\" custom_margin=\"||45px|||\" button_text_size_tablet=\"16px\" button_text_size_phone=\"15px\" button_text_size_last_edited=\"on|phone\" global_colors_info=\"{}\"][\/et_pb_button][\/et_pb_column][\/et_pb_row][\/et_pb_section]","_et_gb_content_width":"","footnotes":""},"class_list":["post-2395","page","type-page","status-publish","hentry"],"_links":{"self":[{"href":"https:\/\/moisesfregosomusica.com\/index.php\/wp-json\/wp\/v2\/pages\/2395","targetHints":{"allow":["GET"]}}],"collection":[{"href":"https:\/\/moisesfregosomusica.com\/index.php\/wp-json\/wp\/v2\/pages"}],"about":[{"href":"https:\/\/moisesfregosomusica.com\/index.php\/wp-json\/wp\/v2\/types\/page"}],"author":[{"embeddable":true,"href":"https:\/\/moisesfregosomusica.com\/index.php\/wp-json\/wp\/v2\/users\/1"}],"replies":[{"embeddable":true,"href":"https:\/\/moisesfregosomusica.com\/index.php\/wp-json\/wp\/v2\/comments?post=2395"}],"version-history":[{"count":13,"href":"https:\/\/moisesfregosomusica.com\/index.php\/wp-json\/wp\/v2\/pages\/2395\/revisions"}],"predecessor-version":[{"id":2760,"href":"https:\/\/moisesfregosomusica.com\/index.php\/wp-json\/wp\/v2\/pages\/2395\/revisions\/2760"}],"wp:attachment":[{"href":"https:\/\/moisesfregosomusica.com\/index.php\/wp-json\/wp\/v2\/media?parent=2395"}],"curies":[{"name":"wp","href":"https:\/\/api.w.org\/{rel}","templated":true}]}}